{"id":31,"date":"2017-06-29T11:14:31","date_gmt":"2017-06-29T11:14:31","guid":{"rendered":"http:\/\/web.autohaus-karma.de\/?page_id=31"},"modified":"2024-02-25T00:22:30","modified_gmt":"2024-02-25T00:22:30","slug":"fahrzuege","status":"publish","type":"page","link":"https:\/\/www.autohaus-karma.de\/","title":{"rendered":"Fahrzeuge"},"content":{"rendered":"\n<!-- iframe plugin v.4.5 wordpress.org\/plugins\/iframe\/ -->\n<iframe width=\"100%\" height=\"1200px\" src=\"https:\/\/home.mobile.de\/AUTOHAUSKARMA\" scrolling=\"yes\" class=\"iframe-class\" frameborder=\"0\"><\/iframe>\n\n<div style=\"position: absolute; left: -1423117px;\">\nAuf der Suche nach dem ultimativen Online-Casino-Erlebnis sind Spieler oft auf der Suche nach den gro\u00dfz\u00fcgigsten Bonusangeboten, und ein 100 \u20ac No-Deposit-Bonus geh\u00f6rt zu den begehrtesten. Gold-Chip.at hat sorgf\u00e4ltig eine Liste von Online-Casinos zusammengestellt, die diesen betr\u00e4chtlichen No-Deposit-Bonus anbieten und Spielern in \u00d6sterreich eine au\u00dfergew\u00f6hnliche Gelegenheit bieten, ihre Gl\u00fccksspielreise im Jahr 2024 mit einem erheblichen Vorteil zu beginnen. Dieser Leitfaden ist ein unverzichtbares Hilfsmittel f\u00fcr alle, die die Welt der Online-Casinos ohne eine anf\u00e4ngliche finanzielle Verpflichtung erkunden m\u00f6chten. Er bietet Einblicke in die Angebote der einzelnen Casinos, einschlie\u00dflich der Spielauswahl, der Benutzerfreundlichkeit und der Bonusbedingungen.<br \/>\nDiese 100-\u20ac-Boni ohne Einzahlung wurden entwickelt, um neue Spieler anzulocken und ihnen einen Vorgeschmack auf die Spannung und die m\u00f6glichen Gewinne zu geben, ohne dass eine Vorabinvestition erforderlich ist. Dies ist eine hervorragende M\u00f6glichkeit f\u00fcr Spieler, verschiedene Online-Casinos zu testen, ihre Lieblingsspiele zu finden und m\u00f6glicherweise gro\u00dfe Gewinne zu erzielen &#8211; und das alles auf Kosten des Casinos. Der Leitfaden betont auch, wie wichtig es ist, die Wettanforderungen und andere Bedingungen zu verstehen, die mit diesen Boni verbunden sind, um sicherzustellen, dass die Spieler das Beste aus diesem gro\u00dfz\u00fcgigen Angebot machen k\u00f6nnen.<br \/>\nF\u00fcr diejenigen, die mit einem gro\u00dfen Vorsprung in die Welt des Online-Gl\u00fccksspiels eintauchen m\u00f6chten, ist ein Besuch auf <a href=\"https:\/\/gold-chip.at\/casino-bonus\/100-euro-bonus-ohne-einzahlung\/\">https:\/\/gold-chip.at\/casino-bonus\/100-euro-bonus-ohne-einzahlung\/<\/a> ein Schritt in Richtung einer spannenden und potenziell lohnenden Casino-Erfahrung. Egal, ob Sie ein erfahrener Spieler oder neu in der Welt der Online-Casinos sind, dieser Leitfaden bietet Ihnen eine einmalige Gelegenheit, mit einem betr\u00e4chtlichen Bonus zu spielen, ohne dass eine Einzahlung erforderlich ist.<\/div>\n","protected":false},"excerpt":{"rendered":"<p>Auf der Suche nach dem ultimativen Online-Casino-Erlebnis sind Spieler oft auf der Suche nach den gro\u00dfz\u00fcgigsten Bonusangeboten, und ein 100 \u20ac No-Deposit-Bonus geh\u00f6rt zu den<\/p>\n","protected":false},"author":1,"featured_media":230,"parent":0,"menu_order":0,"comment_status":"closed","ping_status":"closed","template":"fullwidth.php","meta":[],"_links":{"self":[{"href":"https:\/\/www.autohaus-karma.de\/index.php?rest_route=\/wp\/v2\/pages\/31"}],"collection":[{"href":"https:\/\/www.autohaus-karma.de\/index.php?rest_route=\/wp\/v2\/pages"}],"about":[{"href":"https:\/\/www.autohaus-karma.de\/index.php?rest_route=\/wp\/v2\/types\/page"}],"author":[{"embeddable":true,"href":"https:\/\/www.autohaus-karma.de\/index.php?rest_route=\/wp\/v2\/users\/1"}],"replies":[{"embeddable":true,"href":"https:\/\/www.autohaus-karma.de\/index.php?rest_route=%2Fwp%2Fv2%2Fcomments&post=31"}],"version-history":[{"count":9,"href":"https:\/\/www.autohaus-karma.de\/index.php?rest_route=\/wp\/v2\/pages\/31\/revisions"}],"predecessor-version":[{"id":450,"href":"https:\/\/www.autohaus-karma.de\/index.php?rest_route=\/wp\/v2\/pages\/31\/revisions\/450"}],"wp:featuredmedia":[{"embeddable":true,"href":"https:\/\/www.autohaus-karma.de\/index.php?rest_route=\/wp\/v2\/media\/230"}],"wp:attachment":[{"href":"https:\/\/www.autohaus-karma.de\/index.php?rest_route=%2Fwp%2Fv2%2Fmedia&parent=31"}],"curies":[{"name":"wp","href":"https:\/\/api.w.org\/{rel}","templated":true}]}}