{"id":37,"date":"2017-06-29T11:17:13","date_gmt":"2017-06-29T11:17:13","guid":{"rendered":"http:\/\/web.autohaus-karma.de\/?page_id=37"},"modified":"2018-01-03T15:06:48","modified_gmt":"2018-01-03T15:06:48","slug":"impressum","status":"publish","type":"page","link":"http:\/\/www.autohaus-karma.de\/?page_id=37","title":{"rendered":"Impressum"},"content":{"rendered":"<p><strong>Autohaus Karma<br \/>\n<\/strong>Inh. H\u00fcseyin Candas<\/p>\n<p>Stettiner Str. 18<br \/>\n65428 R\u00fcsselsheim am Main<br \/>\nDeutschland<\/p>\n<p>B\u00fcro\u00a0 :+49 (0) 6142\u00a0 913 88 56<br \/>\nFax\u00a0 \u00a0 :+49 (0) 6142 913 88 57<br \/>\nMobil: +49 151 405 157 60<\/p>\n<p>Email: info@autohaus-karma.de<br \/>\nWeb : www.autohaus-karma.de<\/p>\n<p><strong>Finanzamt Frankfurt<\/strong><br \/>\nSteuernummer\u00a0 \u00a0 :\u00a0 12 809 04902<br \/>\nUmsatzsteuer ID :\u00a0DE 313510622<\/p>\n<p>&nbsp;<\/p>\n<p><strong>Verantwortlich f\u00fcr den Inhalt:<\/strong><br \/>\nH\u00fcseyin Candas<\/p>\n<p><strong>Design &amp; Gestaltung:<\/strong><br \/>\n<a href=\"http:\/\/www.best-design24.de\/\" target=\"_blank\" rel=\"noopener\">Best Design<\/a><\/p>\n","protected":false},"excerpt":{"rendered":"<p>Autohaus Karma Inh. H\u00fcseyin Candas Stettiner Str. 18 65428 R\u00fcsselsheim am Main Deutschland B\u00fcro\u00a0 :+49 (0) 6142\u00a0 913 88 56 Fax\u00a0 \u00a0 :+49 (0) 6142<\/p>\n","protected":false},"author":1,"featured_media":0,"parent":0,"menu_order":0,"comment_status":"closed","ping_status":"closed","template":"","meta":[],"_links":{"self":[{"href":"http:\/\/www.autohaus-karma.de\/index.php?rest_route=\/wp\/v2\/pages\/37"}],"collection":[{"href":"http:\/\/www.autohaus-karma.de\/index.php?rest_route=\/wp\/v2\/pages"}],"about":[{"href":"http:\/\/www.autohaus-karma.de\/index.php?rest_route=\/wp\/v2\/types\/page"}],"author":[{"embeddable":true,"href":"http:\/\/www.autohaus-karma.de\/index.php?rest_route=\/wp\/v2\/users\/1"}],"replies":[{"embeddable":true,"href":"http:\/\/www.autohaus-karma.de\/index.php?rest_route=%2Fwp%2Fv2%2Fcomments&post=37"}],"version-history":[{"count":14,"href":"http:\/\/www.autohaus-karma.de\/index.php?rest_route=\/wp\/v2\/pages\/37\/revisions"}],"predecessor-version":[{"id":442,"href":"http:\/\/www.autohaus-karma.de\/index.php?rest_route=\/wp\/v2\/pages\/37\/revisions\/442"}],"wp:attachment":[{"href":"http:\/\/www.autohaus-karma.de\/index.php?rest_route=%2Fwp%2Fv2%2Fmedia&parent=37"}],"curies":[{"name":"wp","href":"https:\/\/api.w.org\/{rel}","templated":true}]}}