{"id":258,"date":"2017-07-22T12:46:09","date_gmt":"2017-07-22T12:46:09","guid":{"rendered":"http:\/\/web.autohaus-karma.de\/?page_id=258"},"modified":"2017-09-27T14:05:35","modified_gmt":"2017-09-27T14:05:35","slug":"ueber-uns","status":"publish","type":"page","link":"http:\/\/www.autohaus-karma.de\/?page_id=258","title":{"rendered":"\u00dcber Uns"},"content":{"rendered":"<p><a href=\"http:\/\/www.autohaus-karma.de\/wp-content\/uploads\/2017\/09\/Autohaus-Karma-Logo.jpg\"><\/a><a href=\"http:\/\/www.autohaus-karma.de\/wp-content\/uploads\/2017\/09\/Autohaus-Karma-Logo.jpg\" target=\"_blank\" rel=\"noopener\"><img loading=\"lazy\" class=\"alignright wp-image-416 size-medium\" src=\"http:\/\/www.autohaus-karma.de\/wp-content\/uploads\/2017\/09\/Autohaus-Karma-Logo-300x284.jpg\" alt=\"\" width=\"300\" height=\"284\" srcset=\"http:\/\/www.autohaus-karma.de\/wp-content\/uploads\/2017\/09\/Autohaus-Karma-Logo-300x284.jpg 300w, http:\/\/www.autohaus-karma.de\/wp-content\/uploads\/2017\/09\/Autohaus-Karma-Logo-768x728.jpg 768w, http:\/\/www.autohaus-karma.de\/wp-content\/uploads\/2017\/09\/Autohaus-Karma-Logo-1024x970.jpg 1024w, http:\/\/www.autohaus-karma.de\/wp-content\/uploads\/2017\/09\/Autohaus-Karma-Logo.jpg 1334w\" sizes=\"(max-width: 300px) 100vw, 300px\" \/><\/a>Zur heutigen Zeit ist ein Fahrzeug zum Grundbed\u00fcrfnis und ein Muss im Alltag geworden. Bei uns k\u00f6nnen Sie das passende Fahrzeug f\u00fcr Ihre pers\u00f6nliche Anforderungen finden, dazu ber\u00e4t Sie unser Kundenpersonal, um auch Ihr kleinstes Bed\u00fcrfnis zu befriedigen.<\/p>\n<p>Wir vom Autohaus Karma sind seit 2010 qualitativ und professionell in der Automobilbranche t\u00e4tig. Unser Fahrzeugbestand erstreckt sich von der einfachen Kompaktklasse bis hin zur hochwertiger Luxusklasse. Unsere Aufgabe besteht darin, jeden einzelnen Kunden langfristig zufrieden zu stellen.<\/p>\n<p>Besuchen Sie uns und lassen Sie Ihre Faszination frei im Lauf.<\/p>\n<p>Ihr Autohaus Karma &#8211; Team<\/p>\n","protected":false},"excerpt":{"rendered":"<p>Zur heutigen Zeit ist ein Fahrzeug zum Grundbed\u00fcrfnis und ein Muss im Alltag geworden. Bei uns k\u00f6nnen Sie das passende Fahrzeug f\u00fcr Ihre pers\u00f6nliche Anforderungen<\/p>\n","protected":false},"author":1,"featured_media":228,"parent":0,"menu_order":0,"comment_status":"closed","ping_status":"closed","template":"fullwidth.php","meta":[],"_links":{"self":[{"href":"http:\/\/www.autohaus-karma.de\/index.php?rest_route=\/wp\/v2\/pages\/258"}],"collection":[{"href":"http:\/\/www.autohaus-karma.de\/index.php?rest_route=\/wp\/v2\/pages"}],"about":[{"href":"http:\/\/www.autohaus-karma.de\/index.php?rest_route=\/wp\/v2\/types\/page"}],"author":[{"embeddable":true,"href":"http:\/\/www.autohaus-karma.de\/index.php?rest_route=\/wp\/v2\/users\/1"}],"replies":[{"embeddable":true,"href":"http:\/\/www.autohaus-karma.de\/index.php?rest_route=%2Fwp%2Fv2%2Fcomments&post=258"}],"version-history":[{"count":7,"href":"http:\/\/www.autohaus-karma.de\/index.php?rest_route=\/wp\/v2\/pages\/258\/revisions"}],"predecessor-version":[{"id":422,"href":"http:\/\/www.autohaus-karma.de\/index.php?rest_route=\/wp\/v2\/pages\/258\/revisions\/422"}],"wp:featuredmedia":[{"embeddable":true,"href":"http:\/\/www.autohaus-karma.de\/index.php?rest_route=\/wp\/v2\/media\/228"}],"wp:attachment":[{"href":"http:\/\/www.autohaus-karma.de\/index.php?rest_route=%2Fwp%2Fv2%2Fmedia&parent=258"}],"curies":[{"name":"wp","href":"https:\/\/api.w.org\/{rel}","templated":true}]}}