{"id":2,"date":"2016-05-10T03:48:21","date_gmt":"2016-05-10T03:48:21","guid":{"rendered":"http:\/\/autohaus-karma.de\/?page_id=2"},"modified":"2017-09-27T13:43:18","modified_gmt":"2017-09-27T13:43:18","slug":"sample-page","status":"publish","type":"page","link":"http:\/\/www.autohaus-karma.de\/?page_id=2","title":{"rendered":"Kfz-Vermittlung"},"content":{"rendered":"<p><strong>Sie wollen Ihr Fahrzeug verkaufen ?<\/strong><\/p>\n<p>Ihre-Autohaus Karma \u00fcbernimmt f\u00fcr Sie die gesamte Abwicklung um Ihren Gebrauchtwagen zu einem hohen und marktgerechten Preis zu verkaufen. Verschenken Sie kein Geld beim Verkauf, insbesondere bei der Inzahlungnahme. Wir garantieren Ihnen einen h\u00f6heren Preis als ein H\u00e4ndlerangebot. Der H\u00e4ndler kauft Ihr Fahrzeug im Schnitt bis zu 2.500 Euro unter dem Marktwert an. Bei einigen Oberklasse-Fahrzeugen haben wir schon Preisdifferenzen bis zu 6.000 Euro erlebt.<\/p>\n<p>Vergleichen Sie einfach und nutzen Sie unsere kostenlose Fahrzeugbewertung. Sie tragen keinerlei Risiko, denn unsere Provision gibt es nur bei einem erfolgreichen Verkauf durch uns. Sie k\u00f6nnen jederzeit das Auto auch selbst verkaufen.<\/p>\n<p>Lehnen Sie sich zur\u00fcck, genie\u00dfen Sie h\u00f6chsten Komfort und \u00fcberlassen Sie uns den Verkauf ! Lernen Sie uns kennen und vermeiden Sie l\u00e4stige Anrufe wie &#8222;Was ist letzter Preis?&#8220; und unseri\u00f6se Verhandlungen bei der Besichtigung.<\/p>\n<p>&nbsp;<\/p>\n<p><strong>IN 3 SCHRITTEN BIS ZU VERMITTLUNG<\/strong><\/p>\n<p><em>Schritt 1:<\/em><\/p>\n<ul>\n<li>Besuchen Sie uns in unseren Gesch\u00e4ftsr\u00e4umen<\/li>\n<li>Bringen Sie Ihr Fahrzeug mit den dazugeh\u00f6rigen Dokumenten vorbei<\/li>\n<li>Es findet eine unverbindliche und kostenfreie Fahrzeugbewertung mit unserem Marktanalyseprogramm statt<\/li>\n<li>Fotoshooting PKW<\/li>\n<\/ul>\n<p><em>Schritt 2:<\/em><\/p>\n<ul>\n<li>Wir announcieren Ihr Fahrzeug in unterschiedlichen B\u00f6rsen weltweit<\/li>\n<li>Auf unseren Anruf warten<\/li>\n<\/ul>\n<p><em>Schritt 3:<\/em><\/p>\n<ul>\n<li>Verkauf Ihres Fahrzeuges<\/li>\n<li>Auszahlung<\/li>\n<\/ul>\n<p>&nbsp;<\/p>\n<p><strong>Unsere Servicepunkte im \u00dcberblick<\/strong><\/p>\n<blockquote>\n<ul>\n<li>Kostenlose &amp; Sichere Unterbringung Ihres Fahrzeuges<\/li>\n<li>Professionelle Vermarktung Ihres Fahrzeuges<\/li>\n<li>Professionelle KFZ Aufbereitung<\/li>\n<li>Abmeldungs Service<\/li>\n<li>Kfz Finanzierungen f\u00fcr den K\u00e4ufer<\/li>\n<li>Gebrauchtwagen GARANTIE<\/li>\n<li>\u00dcberf\u00fchrung &amp; Probefahrten mit unseren roten Kfz H\u00e4ndler Kennzeichen<\/li>\n<li>Hol &amp; Bringservice<\/li>\n<li>Kurzzeitkennzeichen<\/li>\n<li>Ausfuhrkennzeichen<\/li>\n<li>Zollabfertigungen<\/li>\n<\/ul>\n<\/blockquote>\n<p>&nbsp;<\/p>\n<p>&nbsp;<\/p>\n<p>&nbsp;<\/p>\n<p>&nbsp;<\/p>\n","protected":false},"excerpt":{"rendered":"<p>Sie wollen Ihr Fahrzeug verkaufen ? Ihre-Autohaus Karma \u00fcbernimmt f\u00fcr Sie die gesamte Abwicklung um Ihren Gebrauchtwagen zu einem hohen und marktgerechten Preis zu verkaufen.<\/p>\n","protected":false},"author":1,"featured_media":239,"parent":0,"menu_order":0,"comment_status":"closed","ping_status":"open","template":"fullwidth.php","meta":[],"_links":{"self":[{"href":"http:\/\/www.autohaus-karma.de\/index.php?rest_route=\/wp\/v2\/pages\/2"}],"collection":[{"href":"http:\/\/www.autohaus-karma.de\/index.php?rest_route=\/wp\/v2\/pages"}],"about":[{"href":"http:\/\/www.autohaus-karma.de\/index.php?rest_route=\/wp\/v2\/types\/page"}],"author":[{"embeddable":true,"href":"http:\/\/www.autohaus-karma.de\/index.php?rest_route=\/wp\/v2\/users\/1"}],"replies":[{"embeddable":true,"href":"http:\/\/www.autohaus-karma.de\/index.php?rest_route=%2Fwp%2Fv2%2Fcomments&post=2"}],"version-history":[{"count":7,"href":"http:\/\/www.autohaus-karma.de\/index.php?rest_route=\/wp\/v2\/pages\/2\/revisions"}],"predecessor-version":[{"id":265,"href":"http:\/\/www.autohaus-karma.de\/index.php?rest_route=\/wp\/v2\/pages\/2\/revisions\/265"}],"wp:featuredmedia":[{"embeddable":true,"href":"http:\/\/www.autohaus-karma.de\/index.php?rest_route=\/wp\/v2\/media\/239"}],"wp:attachment":[{"href":"http:\/\/www.autohaus-karma.de\/index.php?rest_route=%2Fwp%2Fv2%2Fmedia&parent=2"}],"curies":[{"name":"wp","href":"https:\/\/api.w.org\/{rel}","templated":true}]}}